{"id":45,"date":"2022-03-25T00:03:35","date_gmt":"2022-03-24T23:03:35","guid":{"rendered":"http:\/\/elagagb.cluster031.hosting.ovh.net\/index.php\/contact\/"},"modified":"2022-05-31T18:23:11","modified_gmt":"2022-05-31T16:23:11","slug":"contact","status":"publish","type":"page","link":"https:\/\/elagageabattage.be\/index.php\/contact\/","title":{"rendered":"Contact"},"content":{"rendered":"\n    \n    <section class=\"u-align-center u-clearfix u-section-2\" id=\"sec-cb55\">\n      <div class=\"u-clearfix u-sheet u-valign-middle u-sheet-1\">\n        <div class=\"u-clearfix u-expanded-width u-layout-wrap u-layout-wrap-1\">\n          <div class=\"u-gutter-0 u-layout\">\n            <div class=\"u-layout-row\">\n              <div class=\"u-align-left u-container-style u-layout-cell u-left-cell u-size-30 u-layout-cell-1\">\n                <div class=\"u-container-layout u-container-layout-1\">\n                  <h6 class=\"u-text u-text-grey-50 u-text-1\">Devis gratuits<\/h6>\n                  <h2 class=\"u-text u-text-grey-70 u-text-2\">Abattage \u00e9lagage \u00e0 Estinnes<\/h2>\n                  <p class=\"u-text u-text-grey-50 u-text-3\">Tristan Bonnefoy&nbsp;<br>7120 Estinnes<br>Lundi au Vendredi: 8h00 \u2013 18h00<br>Samedi: 9h00 \u2013 12h<br>Tel: (+32) 0470 80 36 48<br>\n                    <a href=\"mailto:tristan@elagageabattage.be?subject=Demande%20de%20devis\" class=\"u-active-none u-border-none u-btn u-button-link u-button-style u-hover-none u-none u-text-custom-color-2 u-btn-1\" target=\"_blank\">Contactez-moi ICI<\/a>\n                  <\/p>\n                  <div class=\"u-social-icons u-spacing-20 u-social-icons-1\">\n                    <a class=\"u-social-url\" target=\"_blank\" href=\"\"><span class=\"u-icon u-icon-circle u-social-facebook u-social-icon u-icon-1\">\n                    <svg class=\"u-svg-link\" preserveAspectRatio=\"xMidYMin slice\" viewBox=\"0 0 112 112\" style=\"\"><use xmlns:xlink=\"http:\/\/www.w3.org\/1999\/xlink\" xlink:href=\"#svg-50ee\"><\/use><\/svg>\n                    <svg xmlns=\"http:\/\/www.w3.org\/2000\/svg\" xmlns:xlink=\"http:\/\/www.w3.org\/1999\/xlink\" version=\"1.1\" xml:space=\"preserve\" class=\"u-svg-content\" viewBox=\"0 0 112 112\" x=\"0px\" y=\"0px\" id=\"svg-50ee\"><path d=\"M75.5,28.8H65.4c-1.5,0-4,0.9-4,4.3v9.4h13.9l-1.5,15.8H61.4v45.1H42.8V58.3h-8.8V42.4h8.8V32.2 c0-7.4,3.4-18.8,18.8-18.8h13.8v15.4H75.5z\"><\/path><\/svg>\n                  <\/span>\n                    <\/a>\n                    <a class=\"u-social-url\" target=\"_blank\" href=\"\"><span class=\"u-icon u-icon-circle u-social-icon u-social-instagram u-icon-2\">\n                    <svg class=\"u-svg-link\" preserveAspectRatio=\"xMidYMin slice\" viewBox=\"0 0 112 112\" style=\"\"><use xmlns:xlink=\"http:\/\/www.w3.org\/1999\/xlink\" xlink:href=\"#svg-dd2a\"><\/use><\/svg>\n                    <svg xmlns=\"http:\/\/www.w3.org\/2000\/svg\" xmlns:xlink=\"http:\/\/www.w3.org\/1999\/xlink\" version=\"1.1\" xml:space=\"preserve\" class=\"u-svg-content\" viewBox=\"0 0 112 112\" x=\"0px\" y=\"0px\" id=\"svg-dd2a\"><path d=\"M55.9,32.9c-12.8,0-23.2,10.4-23.2,23.2s10.4,23.2,23.2,23.2s23.2-10.4,23.2-23.2S68.7,32.9,55.9,32.9z M55.9,69.4c-7.4,0-13.3-6-13.3-13.3c-0.1-7.4,6-13.3,13.3-13.3s13.3,6,13.3,13.3C69.3,63.5,63.3,69.4,55.9,69.4z\"><\/path><path d=\"M79.7,26.8c-3,0-5.4,2.5-5.4,5.4s2.5,5.4,5.4,5.4c3,0,5.4-2.5,5.4-5.4S82.7,26.8,79.7,26.8z\"><\/path><path d=\"M78.2,11H33.5C21,11,10.8,21.3,10.8,33.7v44.7c0,12.6,10.2,22.8,22.7,22.8h44.7c12.6,0,22.7-10.2,22.7-22.7 V33.7C100.8,21.1,90.6,11,78.2,11z M91,78.4c0,7.1-5.8,12.8-12.8,12.8H33.5c-7.1,0-12.8-5.8-12.8-12.8V33.7 c0-7.1,5.8-12.8,12.8-12.8h44.7c7.1,0,12.8,5.8,12.8,12.8V78.4z\"><\/path><\/svg>\n                  <\/span>\n                    <\/a>\n                    <a class=\"u-social-url\" target=\"_blank\" href=\"\"><span class=\"u-icon u-icon-circle u-social-google u-social-icon u-icon-3\">\n                    <svg class=\"u-svg-link\" preserveAspectRatio=\"xMidYMin slice\" viewBox=\"0 0 112 112\" style=\"\"><use xmlns:xlink=\"http:\/\/www.w3.org\/1999\/xlink\" xlink:href=\"#svg-102d\"><\/use><\/svg>\n                    <svg xmlns=\"http:\/\/www.w3.org\/2000\/svg\" xmlns:xlink=\"http:\/\/www.w3.org\/1999\/xlink\" version=\"1.1\" xml:space=\"preserve\" class=\"u-svg-content\" viewBox=\"0 0 112 112\" x=\"0px\" y=\"0px\" id=\"svg-102d\"><path d=\"M62.2,81.6c-8.6,11.2-24.6,14.4-37.6,10C10.9,87,0.8,73.2,1,58.5c-0.8-18,15.2-34.6,33.1-34.9 c9.2-0.8,18.2,2.7,25,8.6c-2.9,3.1-5.7,6.2-8.9,9.2c-6.2-3.8-13.5-6.5-20.6-4C18.1,40.7,11,54.2,15.4,65.6 c3.5,11.8,17.8,18.3,29.2,13.2c5.8-2.1,9.7-7.4,11.3-13.2c-6.6-0.1-13.2,0-20.1-0.3c0-3.9,0-7.9,0-11.9c11.2,0,22.2,0,33.3,0 C69.9,63.4,68.3,73.9,62.2,81.6z M110.9,63.7c-3.4,0-6.6,0-10,0c0,3.4,0,6.6,0,10c-3.4,0-6.6,0-10,0c0-3.4,0-6.6,0-10 c-3.4,0-6.6,0-10,0c0-3.4,0-6.6,0-10c3.4,0,6.6,0,10,0c0-3.4,0-6.6,0.1-10c3.4,0,6.6,0,10,0c0,3.4,0,6.6,0,10c3.4,0,6.6,0,10,0 C110.9,56.9,110.9,60.3,110.9,63.7z\"><\/path><\/svg>\n                  <\/span>\n                    <\/a>\n                  <\/div>\n                <\/div>\n              <\/div>\n              <div class=\"u-align-left u-container-style u-layout-cell u-right-cell u-size-30 u-layout-cell-2\">\n                <div class=\"u-container-layout u-valign-middle u-container-layout-2\">\n                  <div class=\"u-expanded-width u-form u-form-1\">\n                            <script>\n            function onSuccess(event) {\n                var msgContainer = jQuery(event.currentTarget).find('.wpcf7-response-output');\n                msgContainer.removeClass('u-form-send-error').addClass('u-form-send-message u-form-send-success');\n                msgContainer.show();\n                var redirectAddress = jQuery(event.currentTarget).find('[redirect-address]').attr('redirect-address');\n                if (redirectAddress) {\n                    location.replace(redirectAddress);\n                }\n            }\n            function onError(event) {\n                var msgContainer = jQuery(event.currentTarget).find('.wpcf7-response-output');\n                msgContainer.removeClass('u-form-send-success').addClass('u-form-send-message u-form-send-error');\n                msgContainer.show();\n            }\n\n            jQuery('body')\n                .on('wpcf7mailsent',   '.u-form .wpcf7', onSuccess)\n                .on('wpcf7invalid',    '.u-form .wpcf7', onError)\n                .on('wpcf7:unaccepted', '.u-form .wpcf7', onError)\n                .on('wpcf7spam',       '.u-form .wpcf7', onError)\n                .on('wpcf7:aborted',    '.u-form .wpcf7', onError)\n                .on('wpcf7mailfailed', '.u-form .wpcf7', onError);\n        <\/script>\n        <style>\n            .u-form .wpcf7-response-output {\n                \/*position: relative !important;*\/\n                margin: 0 !important;\n                bottom: -70px!important;\n            }\n            .u-form .wpcf7 .ajax-loader {\n                margin-left: -24px;\n                margin-right: 0;\n            }\n        <\/style>\n<div role=\"form\" class=\"wpcf7\" id=\"wpcf7-f68-o1\" lang=\"fr-FR\" dir=\"ltr\">\n<div class=\"screen-reader-response\"><p role=\"status\" aria-live=\"polite\" aria-atomic=\"true\"><\/p> <ul><\/ul><\/div>\n<form style=\"padding: 24px;\" action=\"\/index.php\/wp-json\/wp\/v2\/pages\/45#wpcf7-f68-o1\" method=\"post\" class=\"wpcf7-form init u-clearfix u-form-spacing-24 u-form-vertical u-inner-form u-form-custom-backend\" data-status=\"init\">\n<div style=\"display: none;\">\n<input type=\"hidden\" name=\"_wpcf7\" value=\"68\" \/>\n<input type=\"hidden\" name=\"_wpcf7_version\" value=\"5.5.6\" \/>\n<input type=\"hidden\" name=\"_wpcf7_locale\" value=\"fr_FR\" \/>\n<input type=\"hidden\" name=\"_wpcf7_unit_tag\" value=\"wpcf7-f68-o1\" \/>\n<input type=\"hidden\" name=\"_wpcf7_container_post\" value=\"0\" \/>\n<input type=\"hidden\" name=\"_wpcf7_posted_data_hash\" value=\"\" \/>\n<\/div>\n\n                      <div class=\"u-form-group wpcf7-form-control-wrap u-form-name u-label-none\">\n                        <label for=\"name-3b9a\" class=\"u-label\">Nom<\/label>\n                        <input type=\"text\" placeholder=\"Votre nom\" id=\"name-3b9a\" name=\"name1\" class=\"u-border-2 u-border-black u-border-no-left u-border-no-right u-border-no-top u-input wpcf7-form-control u-input-rectangle u-input-1\" required=\"\">\n                      <\/div>\n                      <div class=\"u-form-email u-form-group wpcf7-form-control-wrap u-label-none\">\n                        <label for=\"email-3b9a\" class=\"u-label\">Email<\/label>\n                        <input type=\"email\" placeholder=\"Adresse email\" id=\"email-3b9a\" name=\"email\" class=\"u-border-2 u-border-black u-border-no-left u-border-no-right u-border-no-top u-input wpcf7-form-control u-input-rectangle u-input-2\" required=\"\">\n                      <\/div>\n                      <div class=\"u-form-group wpcf7-form-control-wrap u-form-message u-label-none\">\n                        <label for=\"message-3b9a\" class=\"u-label\">Message<\/label>\n                        <textarea placeholder=\"Votre message\" rows=\"4\" cols=\"50\" id=\"message-3b9a\" name=\"message\" class=\"u-border-2 u-border-black u-border-no-left u-border-no-right u-border-no-top u-input wpcf7-form-control u-input-rectangle u-input-3\" required=\"\"><\/textarea>\n                      <\/div>\n                      <div class=\"u-align-left u-form-group wpcf7-form-control-wrap u-form-submit wpcf7-form-control\">\n                        <a href=\"#\" class=\"u-border-2 u-border-grey-dark-1 u-btn wpcf7-submit u-btn-rectangle u-btn-submit u-button-style u-none u-btn-2\">envoyer<\/a>\n                        <input type=\"submit\" value=\"submit\" class=\"u-form-control-hidden\">\n                      <\/div>\n                      <div class=\"u-form-send-message u-form-send-success\">Merci pour votre message<\/div>\n                      <div class=\"u-form-send-error u-form-send-message\">un probl\u00e8me est survenu avec votre message, merci de me contacter par t\u00e9l\u00e9phone<\/div>\n                      <input type=\"hidden\" value=\"\" name=\"recaptchaResponse\">\n                    <input type=\"hidden\" name=\"_contact7_backend\" value=\"1\"><div class=\"wpcf7-response-output\" aria-hidden=\"true\"><\/div><\/form><\/div>\n                  <\/div>\n                <\/div>\n              <\/div>\n            <\/div>\n          <\/div>\n        <\/div>\n      <\/div>\n    <\/section>\n    \n    \n  \n","protected":false},"excerpt":{"rendered":"<p>Devis gratuits Abattage \u00e9lagage \u00e0 Estinnes Tristan Bonnefoy&nbsp;7120 EstinnesLundi au Vendredi: 8h00 \u2013 18h00Samedi: 9h00 \u2013 12hTel: (+32) 0470 80 36 48 Contactez-moi ICI Nom Email Message envoyer Merci pour votre message un probl\u00e8me est survenu avec votre message, merci de me contacter par t\u00e9l\u00e9phone<\/p>\n","protected":false},"author":1,"featured_media":0,"parent":0,"menu_order":4,"comment_status":"closed","ping_status":"closed","template":"","meta":{"footnotes":""},"class_list":["post-45","page","type-page","status-publish","hentry"],"_links":{"self":[{"href":"https:\/\/elagageabattage.be\/index.php\/wp-json\/wp\/v2\/pages\/45","targetHints":{"allow":["GET"]}}],"collection":[{"href":"https:\/\/elagageabattage.be\/index.php\/wp-json\/wp\/v2\/pages"}],"about":[{"href":"https:\/\/elagageabattage.be\/index.php\/wp-json\/wp\/v2\/types\/page"}],"author":[{"embeddable":true,"href":"https:\/\/elagageabattage.be\/index.php\/wp-json\/wp\/v2\/users\/1"}],"replies":[{"embeddable":true,"href":"https:\/\/elagageabattage.be\/index.php\/wp-json\/wp\/v2\/comments?post=45"}],"version-history":[{"count":5,"href":"https:\/\/elagageabattage.be\/index.php\/wp-json\/wp\/v2\/pages\/45\/revisions"}],"predecessor-version":[{"id":86,"href":"https:\/\/elagageabattage.be\/index.php\/wp-json\/wp\/v2\/pages\/45\/revisions\/86"}],"wp:attachment":[{"href":"https:\/\/elagageabattage.be\/index.php\/wp-json\/wp\/v2\/media?parent=45"}],"curies":[{"name":"wp","href":"https:\/\/api.w.org\/{rel}","templated":true}]}}