{"id":44,"date":"2022-03-25T00:03:34","date_gmt":"2022-03-24T23:03:34","guid":{"rendered":"http:\/\/elagagb.cluster031.hosting.ovh.net\/index.php\/abattage\/"},"modified":"2022-05-06T12:40:10","modified_gmt":"2022-05-06T10:40:10","slug":"abattage","status":"publish","type":"page","link":"https:\/\/elagageabattage.be\/index.php\/abattage\/","title":{"rendered":"Abattage"},"content":{"rendered":"\n    \n    <section class=\"u-align-center u-clearfix u-section-2\" id=\"sec-87c8\">\n      <div class=\"u-clearfix u-sheet u-sheet-1\">\n        <h2 class=\"u-text u-text-1\">L'abattage d'arbres<\/h2>\n        <div id=\"carousel-bd35\" data-interval=\"10000\" data-u-ride=\"carousel\" class=\"u-carousel u-carousel-duration-10000 u-expanded-width-xs u-slider u-slider-1\">\n          <ol class=\"u-absolute-hcenter u-carousel-indicators u-hidden u-carousel-indicators-1\">\n            <li data-u-target=\"#carousel-bd35\" class=\"u-active u-grey-30\" data-u-slide-to=\"0\"><\/li>\n            <li data-u-target=\"#carousel-bd35\" class=\"u-grey-30\" data-u-slide-to=\"1\"><\/li>\n          <\/ol>\n          <div class=\"u-carousel-inner\" role=\"listbox\">\n            <div class=\"u-active u-align-center u-carousel-item u-container-style u-slide\">\n              <div class=\"u-container-layout u-valign-top u-container-layout-1\">\n                <img decoding=\"async\" alt=\"\" class=\"u-expanded-width-lg u-expanded-width-md u-expanded-width-sm u-expanded-width-xl u-image u-image-default u-image-1\" data-image-width=\"1636\" data-image-height=\"876\" src=\"https:\/\/elagageabattage.be\/wp-content\/uploads\/2022\/03\/abattage-en-equipe.jpg\">\n                <h4 class=\"u-text u-text-default u-text-2\">Abattage d'arbre dans la r\u00e9gion de Binche&nbsp;<\/h4>\n                <p class=\"u-text u-text-3\">Abattre un arbre n'est pas une chose facile. De nombreux facteurs doivent \u00eatre pris en compte pour garantir un abattage en toute s\u00e9curit\u00e9.<br>C'est pourquoi je travail seul ou en \u00e9quipe selon la situation \n                <\/p>\n              <\/div>\n            <\/div>\n            <div class=\"u-align-center u-carousel-item u-container-style u-slide\">\n              <div class=\"u-container-layout u-valign-top u-container-layout-2\">\n                <img decoding=\"async\" alt=\"\" class=\"u-expanded-width-lg u-expanded-width-md u-expanded-width-sm u-expanded-width-xl u-image u-image-default u-image-2\" data-image-width=\"837\" data-image-height=\"456\" src=\"https:\/\/elagageabattage.be\/wp-content\/uploads\/2022\/03\/abattage-homepage-3.jpg\">\n                <h4 class=\"u-text u-text-default u-text-4\">Abattage avec r\u00e9tention des troncs<\/h4>\n                <p class=\"u-text u-text-5\">Pour certains abattages d'arbre, il est impossible de faire tomber l'arbre. Dans ce cas, il est n\u00e9cessaire de d\u00e9biter le tronc en morceaux et de les descendre un \u00e0 un en r\u00e9tention<\/p>\n              <\/div>\n            <\/div>\n          <\/div>\n          <a class=\"u-absolute-vcenter u-carousel-control u-carousel-control-prev u-custom-color-1 u-icon-circle u-spacing-9 u-carousel-control-1\" href=\"#carousel-bd35\" role=\"button\" data-u-slide=\"prev\">\n            <span aria-hidden=\"true\">\n              <svg viewBox=\"0 0 451.847 451.847\"><path d=\"M97.141,225.92c0-8.095,3.091-16.192,9.259-22.366L300.689,9.27c12.359-12.359,32.397-12.359,44.751,0\nc12.354,12.354,12.354,32.388,0,44.748L173.525,225.92l171.903,171.909c12.354,12.354,12.354,32.391,0,44.744\nc-12.354,12.365-32.386,12.365-44.745,0l-194.29-194.281C100.226,242.115,97.141,234.018,97.141,225.92z\"><\/path><\/svg>\n            <\/span>\n            <span class=\"sr-only\">\n              <svg viewBox=\"0 0 451.847 451.847\"><path d=\"M97.141,225.92c0-8.095,3.091-16.192,9.259-22.366L300.689,9.27c12.359-12.359,32.397-12.359,44.751,0\nc12.354,12.354,12.354,32.388,0,44.748L173.525,225.92l171.903,171.909c12.354,12.354,12.354,32.391,0,44.744\nc-12.354,12.365-32.386,12.365-44.745,0l-194.29-194.281C100.226,242.115,97.141,234.018,97.141,225.92z\"><\/path><\/svg>\n            <\/span>\n          <\/a>\n          <a class=\"u-absolute-vcenter u-carousel-control u-carousel-control-next u-custom-color-1 u-icon-circle u-spacing-9 u-carousel-control-2\" href=\"#carousel-bd35\" role=\"button\" data-u-slide=\"next\">\n            <span aria-hidden=\"true\">\n              <svg viewBox=\"0 0 451.846 451.847\"><path d=\"M345.441,248.292L151.154,442.573c-12.359,12.365-32.397,12.365-44.75,0c-12.354-12.354-12.354-32.391,0-44.744\nL278.318,225.92L106.409,54.017c-12.354-12.359-12.354-32.394,0-44.748c12.354-12.359,32.391-12.359,44.75,0l194.287,194.284\nc6.177,6.18,9.262,14.271,9.262,22.366C354.708,234.018,351.617,242.115,345.441,248.292z\"><\/path><\/svg>\n            <\/span>\n            <span class=\"sr-only\">\n              <svg viewBox=\"0 0 451.846 451.847\"><path d=\"M345.441,248.292L151.154,442.573c-12.359,12.365-32.397,12.365-44.75,0c-12.354-12.354-12.354-32.391,0-44.744\nL278.318,225.92L106.409,54.017c-12.354-12.359-12.354-32.394,0-44.748c12.354-12.359,32.391-12.359,44.75,0l194.287,194.284\nc6.177,6.18,9.262,14.271,9.262,22.366C354.708,234.018,351.617,242.115,345.441,248.292z\"><\/path><\/svg>\n            <\/span>\n          <\/a>\n        <\/div>\n      <\/div>\n    <\/section>\n    <section class=\"u-align-center u-clearfix u-section-3\" id=\"sec-81e4\">\n      <div class=\"u-clearfix u-sheet u-sheet-1\">\n        <div class=\"u-expanded-width-lg u-expanded-width-md u-expanded-width-sm u-expanded-width-xs u-list u-list-1\">\n          <div class=\"u-repeater u-repeater-1\">\n            <div class=\"u-container-style u-list-item u-repeater-item\">\n              <div class=\"u-container-layout u-similar-container u-valign-bottom u-container-layout-1\"><span class=\"u-custom-color-1 u-file-icon u-icon u-icon-circle u-spacing-15 u-text-black u-icon-1\"><img decoding=\"async\" src=\"https:\/\/elagageabattage.be\/wp-content\/uploads\/2022\/03\/5.png\" alt=\"\"><\/span>\n                <div class=\"u-container-style u-group u-group-1\">\n                  <div class=\"u-container-layout u-valign-top u-container-layout-2\">\n                    <h5 class=\"u-text u-text-1\">Abattage d'arbres dans tout le Hainaut<\/h5>\n                    <p class=\"u-text u-text-2\">Je suis bas\u00e9 \u00e0 Estinnes mais je me d\u00e9place dans tout le Hainaut pour l'abattage et l'\u00e9lagage de vos arbres alors <a href=\"https:\/\/elagageabattage.be\/index.php\/contact\/\" class=\"u-active-none u-border-none u-btn u-button-link u-button-style u-hover-none u-none u-text-palette-1-base u-btn-1\">contactez moi<\/a> pour un devis gratuit. \n                    <\/p>\n                  <\/div>\n                <\/div>\n              <\/div>\n            <\/div>\n            <div class=\"u-container-style u-list-item u-repeater-item\">\n              <div class=\"u-container-layout u-similar-container u-valign-bottom u-container-layout-3\"><span class=\"u-custom-color-1 u-file-icon u-icon u-icon-circle u-spacing-15 u-text-black u-icon-2\"><img decoding=\"async\" src=\"https:\/\/elagageabattage.be\/wp-content\/uploads\/2022\/03\/6.png\" alt=\"\"><\/span>\n                <div class=\"u-container-style u-group u-video-cover u-group-2\">\n                  <div class=\"u-container-layout u-valign-top u-container-layout-4\">\n                    <h5 class=\"u-text u-text-default u-text-3\">Professionnel certifi\u00e9<br>\n                    <\/h5>\n                    <p class=\"u-text u-text-4\"> Form\u00e9 aux diff\u00e9rentes techniques d'abattages et d'\u00e9lagages. L'abattage n'a lieux qu'en dernier recours et\/ou en cas de danger.<\/p>\n                  <\/div>\n                <\/div>\n              <\/div>\n            <\/div>\n            <div class=\"u-container-style u-list-item u-repeater-item\">\n              <div class=\"u-container-layout u-similar-container u-valign-bottom u-container-layout-5\"><span class=\"u-custom-color-1 u-file-icon u-icon u-icon-circle u-spacing-15 u-text-black u-icon-3\"><img decoding=\"async\" src=\"https:\/\/elagageabattage.be\/wp-content\/uploads\/2022\/03\/7.png\" alt=\"\"><\/span>\n                <div class=\"u-container-style u-group u-video-cover u-group-3\">\n                  <div class=\"u-container-layout u-valign-top u-container-layout-6\">\n                    <h5 class=\"u-text u-text-default u-text-5\">Travail de pr\u00e9cision<\/h5>\n                    <p class=\"u-text u-text-6\">Ne confiez pas l'abattage de vos arbres \u00e0 n'importe qui, faites appel \u00e0 un vrai professionnel pour un travail s\u00e9rieux et \u00e9viter les mauvaises surprises.<\/p>\n                  <\/div>\n                <\/div>\n              <\/div>\n            <\/div>\n            <div class=\"u-container-style u-list-item u-repeater-item\">\n              <div class=\"u-container-layout u-similar-container u-valign-bottom u-container-layout-7\"><span class=\"u-custom-color-1 u-icon u-icon-circle u-spacing-15 u-text-black u-icon-4\"><svg class=\"u-svg-link\" preserveAspectRatio=\"xMidYMin slice\" viewBox=\"0 0 59.986 59.986\" style=\"\"><use xmlns:xlink=\"http:\/\/www.w3.org\/1999\/xlink\" xlink:href=\"#svg-b378\"><\/use><\/svg><svg class=\"u-svg-content\" viewBox=\"0 0 59.986 59.986\" x=\"0px\" y=\"0px\" id=\"svg-b378\" style=\"enable-background:new 0 0 59.986 59.986;\"><path d=\"M59.972,20.164c0.007-0.041,0.011-0.081,0.013-0.123c0.002-0.049,0.001-0.096-0.003-0.145  c-0.004-0.042-0.01-0.082-0.02-0.123c-0.011-0.048-0.026-0.094-0.044-0.14c-0.009-0.024-0.011-0.049-0.022-0.072  c-0.008-0.017-0.022-0.03-0.031-0.047c-0.009-0.017-0.013-0.035-0.023-0.052l-10-16c-0.046-0.073-0.1-0.139-0.161-0.197  c-0.001-0.001-0.002-0.001-0.003-0.002c-0.086-0.081-0.188-0.139-0.297-0.185c-0.014-0.006-0.023-0.018-0.038-0.024  c-0.011-0.004-0.023-0.002-0.034-0.005c-0.101-0.034-0.205-0.057-0.314-0.057h-38c-0.108,0-0.211,0.023-0.31,0.056  c-0.011,0.003-0.022,0.001-0.032,0.005c-0.015,0.005-0.024,0.017-0.038,0.023c-0.104,0.043-0.202,0.099-0.287,0.175  c-0.005,0.005-0.012,0.008-0.017,0.012c-0.062,0.058-0.117,0.125-0.163,0.198l-10,16c-0.01,0.016-0.014,0.035-0.023,0.052  c-0.009,0.017-0.023,0.03-0.031,0.047c-0.011,0.023-0.013,0.048-0.023,0.072c-0.018,0.046-0.033,0.092-0.044,0.14  c-0.009,0.041-0.016,0.082-0.02,0.124C0,19.945-0.001,19.993,0.001,20.041c0.002,0.042,0.006,0.082,0.013,0.123  c0.008,0.048,0.021,0.095,0.037,0.142c0.013,0.039,0.027,0.077,0.045,0.115c0.009,0.018,0.012,0.038,0.022,0.056  c0.016,0.029,0.04,0.051,0.058,0.078c0.014,0.021,0.022,0.044,0.039,0.064l28.989,35.986c0.002,0.003,0.004,0.005,0.006,0.007  l0.005,0.007c0.003,0.004,0.008,0.005,0.011,0.009c0.082,0.099,0.184,0.174,0.295,0.234c0.03,0.016,0.058,0.03,0.089,0.043  c0.121,0.051,0.249,0.087,0.383,0.087c0.114,0,0.229-0.02,0.343-0.061c0.017-0.006,0.028-0.02,0.045-0.027  c0.051-0.021,0.091-0.055,0.137-0.084c0.076-0.048,0.147-0.098,0.206-0.163c0.014-0.015,0.035-0.022,0.048-0.038l29-36  c0.016-0.02,0.024-0.044,0.039-0.064c0.019-0.027,0.042-0.049,0.058-0.078c0.01-0.018,0.013-0.038,0.022-0.056  c0.018-0.038,0.032-0.075,0.045-0.115C59.95,20.259,59.964,20.213,59.972,20.164z M32.095,4.993h15.459l-4.86,13.045L32.095,4.993z   M40.892,18.993H19.095L29.993,5.58L40.892,18.993z M17.222,18.125L12.423,4.993h15.469L17.222,18.125z M41.593,20.993  L29.818,52.599L18.269,20.993H41.593z M49.221,6.246l7.967,12.748H44.472L49.221,6.246z M10.756,6.259l4.653,12.734H2.798  L10.756,6.259z M16.14,20.993l10.839,29.664L3.083,20.993H16.14z M32.39,51.423l11.337-30.43h13.176L32.39,51.423z\"><\/path><\/svg>\n            \n            \n          <\/span>\n                <div class=\"u-container-style u-group u-video-cover u-group-4\">\n                  <div class=\"u-container-layout u-valign-top u-container-layout-8\">\n                    <h5 class=\"u-text u-text-default u-text-7\">Travail de qualit\u00e9<\/h5>\n                    <p class=\"u-text u-text-8\">\u00c9vacuation des d\u00e9chets, nettoyage du terrain... mon passage se fera le plus discret possible dans votre jardin afin que l'abattage d'arbre(s) soit la seule trace visible de mon travail.<\/p>\n                  <\/div>\n                <\/div>\n              <\/div>\n            <\/div>\n          <\/div>\n        <\/div>\n      <\/div>\n    <\/section>\n    <section class=\"u-align-center u-clearfix u-section-4\" id=\"carousel_5b60\">\n      <div class=\"u-expanded-width u-grey-10 u-shape u-shape-rectangle u-shape-1\"><\/div>\n      <div class=\"u-clearfix u-layout-wrap u-layout-wrap-1\">\n        <div class=\"u-layout\">\n          <div class=\"u-layout-row\">\n            <div class=\"u-align-left u-container-style u-layout-cell u-right-cell u-size-30 u-white u-layout-cell-1\">\n              <div class=\"u-container-layout u-valign-middle u-container-layout-1\">\n                <h2 class=\"u-text u-text-1\">Abattre un arbre<\/h2>\n                <p class=\"u-text u-text-2\">Abattre un arbre est une d\u00e9cision murement r\u00e9fl\u00e9chie g\u00e9n\u00e9ralement due \u00e0 la dangerosit\u00e9 de celui-ci. Soit \u00e0 cause d'une position inconfortable (parfois du \u00e0 une mauvaise taille lors de la pousse) soit \u00e0 cause d'un maladie.<br>2 solutions possibles pour l'abattage: \n                <\/p>\n                <ul class=\"u-text u-text-3\">\n                  <li> le d\u00e9montage : l'\u00e9lagueur monte dans l'arbre pour le d\u00e9biter en morceaux qui sont descendu \u00e0 l'aide de corde pour \u00e9viter tout d\u00e9g\u00e2ts <\/li>\n                  <li> l'abattage : l'arbre est abattu directement selon un angle bien d\u00e9fini pour qu'il tombe \u00e0 un endroit bien pr\u00e9cis<br>\n                  <\/li>\n                <\/ul>\n                <a href=\"https:\/\/elagageabattage.be\/index.php\/contact\/\" class=\"u-active-custom-color-2 u-border-none u-btn u-button-style u-custom-color-1 u-hover-custom-color-3 u-btn-1\">Demande de devis<\/a>\n              <\/div>\n            <\/div>\n            <div class=\"u-container-style u-image u-layout-cell u-left-cell u-size-30 u-image-1\" data-image-width=\"1280\" data-image-height=\"850\" style=\"background-image: url(&quot;https:\/\/elagageabattage.be\/wp-content\/uploads\/2022\/03\/a592e314900734f2f32d654de6cdd0eb68a86d335b1bc8ea6e2f03c1589a1c5884426b071c0a7e46e7b5b11545da69b684ad38f42bfabd49291c92_1280.jpg&quot;);\">\n              <div class=\"u-container-layout u-container-layout-2\"><\/div>\n            <\/div>\n          <\/div>\n        <\/div>\n      <\/div>\n    <\/section>\n    \n    \n  \n","protected":false},"excerpt":{"rendered":"<p>L&rsquo;abattage d&rsquo;arbres Abattage d&rsquo;arbre dans la r\u00e9gion de Binche&nbsp; Abattre un arbre n&rsquo;est pas une chose facile. De nombreux facteurs doivent \u00eatre pris en compte pour garantir un abattage en toute s\u00e9curit\u00e9.C&rsquo;est pourquoi je travail seul ou en \u00e9quipe selon la situation Abattage avec r\u00e9tention des troncs Pour certains abattages d&rsquo;arbre, il est impossible de &hellip; <a href=\"https:\/\/elagageabattage.be\/index.php\/abattage\/\" class=\"more-link\">Continue reading<span class=\"screen-reader-text\"> \u00ab\u00a0Abattage\u00a0\u00bb<\/span><\/a><\/p>\n","protected":false},"author":1,"featured_media":0,"parent":0,"menu_order":3,"comment_status":"closed","ping_status":"closed","template":"","meta":{"footnotes":""},"class_list":["post-44","page","type-page","status-publish","hentry"],"_links":{"self":[{"href":"https:\/\/elagageabattage.be\/index.php\/wp-json\/wp\/v2\/pages\/44","targetHints":{"allow":["GET"]}}],"collection":[{"href":"https:\/\/elagageabattage.be\/index.php\/wp-json\/wp\/v2\/pages"}],"about":[{"href":"https:\/\/elagageabattage.be\/index.php\/wp-json\/wp\/v2\/types\/page"}],"author":[{"embeddable":true,"href":"https:\/\/elagageabattage.be\/index.php\/wp-json\/wp\/v2\/users\/1"}],"replies":[{"embeddable":true,"href":"https:\/\/elagageabattage.be\/index.php\/wp-json\/wp\/v2\/comments?post=44"}],"version-history":[{"count":4,"href":"https:\/\/elagageabattage.be\/index.php\/wp-json\/wp\/v2\/pages\/44\/revisions"}],"predecessor-version":[{"id":77,"href":"https:\/\/elagageabattage.be\/index.php\/wp-json\/wp\/v2\/pages\/44\/revisions\/77"}],"wp:attachment":[{"href":"https:\/\/elagageabattage.be\/index.php\/wp-json\/wp\/v2\/media?parent=44"}],"curies":[{"name":"wp","href":"https:\/\/api.w.org\/{rel}","templated":true}]}}