{"id":42,"date":"2022-03-25T00:03:32","date_gmt":"2022-03-24T23:03:32","guid":{"rendered":"http:\/\/elagagb.cluster031.hosting.ovh.net\/index.php\/elagage\/"},"modified":"2022-05-06T12:36:24","modified_gmt":"2022-05-06T10:36:24","slug":"elagage","status":"publish","type":"page","link":"https:\/\/elagageabattage.be\/index.php\/elagage\/","title":{"rendered":"Elagage"},"content":{"rendered":"\n    \n    <section class=\"u-clearfix u-image u-section-2\" id=\"carousel_2fa3\" data-image-width=\"1000\" data-image-height=\"1156\" style=\"background-image: url(&quot;https:\/\/elagageabattage.be\/wp-content\/uploads\/2022\/03\/v.jpg&quot;);\">\n      <div class=\"u-clearfix u-sheet u-valign-middle u-sheet-1\">\n        <div class=\"u-clearfix u-expanded-width u-layout-wrap u-layout-wrap-1\">\n          <div class=\"u-layout\">\n            <div class=\"u-layout-row\">\n              <div class=\"u-align-left u-container-style u-layout-cell u-left-cell u-size-26-md u-size-26-sm u-size-26-xs u-size-28-lg u-size-30-xl u-layout-cell-1\">\n                <div class=\"u-container-layout u-container-layout-1\">\n                  <h4 class=\"u-text u-text-default u-text-1\">Tristan bonnefoy<\/h4>\n                  <h1 class=\"u-text u-text-2\">\u00c9lagage d'arbre \u00e0 7120 Estinnes<br>\n                  <\/h1>\n                  <p class=\"u-file-icon u-text u-text-3\">Grimpeur \u00e9lagueur form\u00e9 pour la taille douce ou la taille de formation. Je m'occupe de l'\u00e9lagage de vos arbres dans la r\u00e9gion de Binche, Mons et dans tout le Hainaut.<\/p>\n                  <a href=\"https:\/\/elagageabattage.be\/index.php\/contact\/\" class=\"u-active-custom-color-2 u-border-none u-btn u-button-style u-custom-color-1 u-hover-custom-color-3 u-btn-1\">Demandez votre devis<\/a>\n                <\/div>\n              <\/div>\n              <div class=\"u-container-style u-layout-cell u-right-cell u-size-30-xl u-size-32-lg u-size-34-md u-size-34-sm u-size-34-xs u-layout-cell-2\">\n                <div class=\"u-container-layout u-container-layout-2\">\n                  <img decoding=\"async\" class=\"u-expanded-height u-image u-image-1\" src=\"https:\/\/elagageabattage.be\/wp-content\/uploads\/2022\/03\/3f489cabbde968b0d152071ed27c5ebcb5a994ad80b83f7c2545459a90e764444dfbf10f1d0ca6e6f42fa8e9e6b8eb13f79e643637947490fa93c1_1280.jpg\" data-image-width=\"852\" data-image-height=\"1280\">\n                <\/div>\n              <\/div>\n            <\/div>\n          <\/div>\n        <\/div>\n      <\/div>\n    <\/section>\n    <section class=\"u-align-left u-clearfix u-section-3\" id=\"carousel_2ad1\">\n      <div class=\"u-clearfix u-sheet u-sheet-1\">\n        <div class=\"u-clearfix u-expanded-width u-layout-wrap u-layout-wrap-1\">\n          <div class=\"u-layout\">\n            <div class=\"u-layout-row\">\n              <div class=\"u-align-center u-container-style u-image u-layout-cell u-size-29 u-image-1\" data-image-width=\"756\" data-image-height=\"1008\" style=\"background-image: url(&quot;https:\/\/elagageabattage.be\/wp-content\/uploads\/2022\/03\/IMG_20211222_222713_143.jpg&quot;);\">\n                <div class=\"u-container-layout u-container-layout-1\">\n                  <div class=\"u-align-center u-container-style u-custom-color-1 u-group u-shape-circle u-group-1\">\n                    <div class=\"u-container-layout u-valign-middle u-container-layout-2\">\n                      <h2 class=\"u-text u-text-1\">Grimpeur \u00e9lagueur certifi\u00e9<\/h2>\n                    <\/div>\n                  <\/div>\n                <\/div>\n              <\/div>\n              <div class=\"u-align-left u-container-style u-layout-cell u-size-31 u-layout-cell-2\">\n                <div class=\"u-container-layout u-valign-top u-container-layout-3\">\n                  <h5 class=\"u-custom-font u-font-montserrat u-text u-text-default u-text-palette-1-base u-text-2\">\n                    <span class=\"u-text-custom-color-1\">Vous ne confieriez pas votre sant\u00e9 \u00e0 n'importe qui ? Alors faites le m\u00eame pour vos abres.<\/span>\n                    <br>\n                  <\/h5>\n                  <p class=\"u-text u-text-grey-40 u-text-3\">Pour \u00e9laguer un arbre, il faut r\u00e9aliser son bilan de sant\u00e9 afin de d\u00e9terminer les branches mortes et les branches g\u00eanantes pour la croissance de l\u2019arbre.<br>\n                    <br>L'\u00e9lagage consiste ensuite \u00e0 r\u00e9aliser une taille douce de l'arbre afin de l\u2019all\u00e9ger de l'a\u00e9rer pour lui permettre de pousser en toute tranquillit\u00e9 avec une structure stable et bien form\u00e9e.<br>On peut \u00e9galement orienter la pousse des jeunes arbres gr\u00e2ce \u00e0 une taille de croissance.<br>&nbsp;<br>\n                    <span style=\"font-weight: 700;\" class=\"u-text-black\">L'\u00e9lagage d'un arbre peut avoir de lourdes cons\u00e9quences sur sa sant\u00e9 alors confiez cette t\u00e2che \u00e0 une vrai professionnel form\u00e9 pour ce travail.<\/span>\n                  <\/p>\n                <\/div>\n              <\/div>\n            <\/div>\n          <\/div>\n        <\/div>\n      <\/div>\n    <\/section>\n    \n    \n  \n","protected":false},"excerpt":{"rendered":"<p>Tristan bonnefoy \u00c9lagage d&rsquo;arbre \u00e0 7120 Estinnes Grimpeur \u00e9lagueur form\u00e9 pour la taille douce ou la taille de formation. Je m&rsquo;occupe de l&rsquo;\u00e9lagage de vos arbres dans la r\u00e9gion de Binche, Mons et dans tout le Hainaut. Demandez votre devis Grimpeur \u00e9lagueur certifi\u00e9 Vous ne confieriez pas votre sant\u00e9 \u00e0 n&rsquo;importe qui ? Alors faites &hellip; <a href=\"https:\/\/elagageabattage.be\/index.php\/elagage\/\" class=\"more-link\">Continue reading<span class=\"screen-reader-text\"> \u00ab\u00a0Elagage\u00a0\u00bb<\/span><\/a><\/p>\n","protected":false},"author":1,"featured_media":0,"parent":0,"menu_order":1,"comment_status":"closed","ping_status":"closed","template":"","meta":{"footnotes":""},"class_list":["post-42","page","type-page","status-publish","hentry"],"_links":{"self":[{"href":"https:\/\/elagageabattage.be\/index.php\/wp-json\/wp\/v2\/pages\/42","targetHints":{"allow":["GET"]}}],"collection":[{"href":"https:\/\/elagageabattage.be\/index.php\/wp-json\/wp\/v2\/pages"}],"about":[{"href":"https:\/\/elagageabattage.be\/index.php\/wp-json\/wp\/v2\/types\/page"}],"author":[{"embeddable":true,"href":"https:\/\/elagageabattage.be\/index.php\/wp-json\/wp\/v2\/users\/1"}],"replies":[{"embeddable":true,"href":"https:\/\/elagageabattage.be\/index.php\/wp-json\/wp\/v2\/comments?post=42"}],"version-history":[{"count":3,"href":"https:\/\/elagageabattage.be\/index.php\/wp-json\/wp\/v2\/pages\/42\/revisions"}],"predecessor-version":[{"id":76,"href":"https:\/\/elagageabattage.be\/index.php\/wp-json\/wp\/v2\/pages\/42\/revisions\/76"}],"wp:attachment":[{"href":"https:\/\/elagageabattage.be\/index.php\/wp-json\/wp\/v2\/media?parent=42"}],"curies":[{"name":"wp","href":"https:\/\/api.w.org\/{rel}","templated":true}]}}